{"id":409,"date":"2021-05-03T11:14:32","date_gmt":"2021-05-03T09:14:32","guid":{"rendered":"https:\/\/hiretech.es\/?page_id=409"},"modified":"2026-03-22T21:02:23","modified_gmt":"2026-03-22T20:02:23","slug":"home","status":"publish","type":"page","link":"https:\/\/hiretech.es\/","title":{"rendered":"A EXITO"},"content":{"rendered":"\t\t<div data-elementor-type=\"wp-page\" data-elementor-id=\"409\" class=\"elementor elementor-409\">\n\t\t\t\t\t\t\t\t\t<section class=\"elementor-section elementor-top-section elementor-element elementor-element-9f33066 elementor-section-height-min-height elementor-section-boxed elementor-section-height-default elementor-section-items-middle\" data-id=\"9f33066\" data-element_type=\"section\" data-settings=\"{&quot;background_background&quot;:&quot;classic&quot;}\">\n\t\t\t\t\t\t<div class=\"elementor-container elementor-column-gap-no\">\n\t\t\t\t\t<div class=\"elementor-column elementor-col-100 elementor-top-column elementor-element elementor-element-18cdd36\" data-id=\"18cdd36\" data-element_type=\"column\">\n\t\t\t<div class=\"elementor-widget-wrap elementor-element-populated\">\n\t\t\t\t\t\t\t\t<div class=\"elementor-element elementor-element-aeacf06 elementor-widget elementor-widget-heading\" data-id=\"aeacf06\" data-element_type=\"widget\" data-widget_type=\"heading.default\">\n\t\t\t\t<div class=\"elementor-widget-container\">\n\t\t\t<style>\/*! elementor - v3.16.0 - 17-10-2023 *\/\n.elementor-heading-title{padding:0;margin:0;line-height:1}.elementor-widget-heading .elementor-heading-title[class*=elementor-size-]>a{color:inherit;font-size:inherit;line-height:inherit}.elementor-widget-heading .elementor-heading-title.elementor-size-small{font-size:15px}.elementor-widget-heading .elementor-heading-title.elementor-size-medium{font-size:19px}.elementor-widget-heading .elementor-heading-title.elementor-size-large{font-size:29px}.elementor-widget-heading .elementor-heading-title.elementor-size-xl{font-size:39px}.elementor-widget-heading .elementor-heading-title.elementor-size-xxl{font-size:59px}<\/style><h1 class=\"elementor-heading-title elementor-size-default\">Uniendo Pasiones, Empresas y Talentos: Reclutamiento que Transforma.<\/h1>\t\t<\/div>\n\t\t\t\t<\/div>\n\t\t\t\t<div class=\"elementor-element elementor-element-840129b elementor-widget elementor-widget-text-editor\" data-id=\"840129b\" data-element_type=\"widget\" data-widget_type=\"text-editor.default\">\n\t\t\t\t<div class=\"elementor-widget-container\">\n\t\t\t<style>\/*! elementor - v3.16.0 - 17-10-2023 *\/\n.elementor-widget-text-editor.elementor-drop-cap-view-stacked .elementor-drop-cap{background-color:#69727d;color:#fff}.elementor-widget-text-editor.elementor-drop-cap-view-framed .elementor-drop-cap{color:#69727d;border:3px solid;background-color:transparent}.elementor-widget-text-editor:not(.elementor-drop-cap-view-default) .elementor-drop-cap{margin-top:8px}.elementor-widget-text-editor:not(.elementor-drop-cap-view-default) .elementor-drop-cap-letter{width:1em;height:1em}.elementor-widget-text-editor .elementor-drop-cap{float:left;text-align:center;line-height:1;font-size:50px}.elementor-widget-text-editor .elementor-drop-cap-letter{display:inline-block}<\/style>\t\t\t\t<p>Expertos en la B\u00fasqueda del Talento que Tu Empresa Necesita: Conectando las Mejores Mentes con las Oportunidades del Futuro<\/p>\t\t\t\t\t\t<\/div>\n\t\t\t\t<\/div>\n\t\t\t\t<div class=\"elementor-element elementor-element-a9d66a4 elementor-list-item-link-inline elementor-icon-list--layout-traditional elementor-widget elementor-widget-icon-list\" data-id=\"a9d66a4\" data-element_type=\"widget\" data-widget_type=\"icon-list.default\">\n\t\t\t\t<div class=\"elementor-widget-container\">\n\t\t\t<link rel=\"stylesheet\" href=\"https:\/\/hiretech.es\/wp-content\/plugins\/elementor\/assets\/css\/widget-icon-list.min.css\">\t\t<ul class=\"elementor-icon-list-items\">\n\t\t\t\t\t\t\t<li class=\"elementor-icon-list-item\">\n\t\t\t\t\t\t\t\t\t\t\t<a href=\"#services\">\n\n\t\t\t\t\t\t\t\t\t\t\t\t<span class=\"elementor-icon-list-icon\">\n\t\t\t\t\t\t\t<i aria-hidden=\"true\" class=\"fas fa-long-arrow-alt-down\"><\/i>\t\t\t\t\t\t<\/span>\n\t\t\t\t\t\t\t\t\t\t<span class=\"elementor-icon-list-text\"><\/span>\n\t\t\t\t\t\t\t\t\t\t\t<\/a>\n\t\t\t\t\t\t\t\t\t<\/li>\n\t\t\t\t\t\t<\/ul>\n\t\t\t\t<\/div>\n\t\t\t\t<\/div>\n\t\t\t\t\t<\/div>\n\t\t<\/div>\n\t\t\t\t\t\t\t<\/div>\n\t\t<\/section>\n\t\t\t\t<section class=\"elementor-section elementor-top-section elementor-element elementor-element-bbcdce2 elementor-section-boxed elementor-section-height-default elementor-section-height-default\" data-id=\"bbcdce2\" data-element_type=\"section\" id=\"services\" data-settings=\"{&quot;background_background&quot;:&quot;classic&quot;}\">\n\t\t\t\t\t\t\t<div class=\"elementor-background-overlay\"><\/div>\n\t\t\t\t\t\t\t<div class=\"elementor-container elementor-column-gap-no\">\n\t\t\t\t\t<div class=\"elementor-column elementor-col-100 elementor-top-column elementor-element elementor-element-415292b\" data-id=\"415292b\" data-element_type=\"column\">\n\t\t\t<div class=\"elementor-widget-wrap elementor-element-populated\">\n\t\t\t\t\t\t\t\t<div class=\"elementor-element elementor-element-b299b29 elementor-widget elementor-widget-heading\" data-id=\"b299b29\" data-element_type=\"widget\" data-widget_type=\"heading.default\">\n\t\t\t\t<div class=\"elementor-widget-container\">\n\t\t\t<h2 class=\"elementor-heading-title elementor-size-default\">El\u00edgenos por:\n<\/h2>\t\t<\/div>\n\t\t\t\t<\/div>\n\t\t\t\t<section class=\"elementor-section elementor-inner-section elementor-element elementor-element-f9b1c61 elementor-section-boxed elementor-section-height-default elementor-section-height-default\" data-id=\"f9b1c61\" data-element_type=\"section\">\n\t\t\t\t\t\t<div class=\"elementor-container elementor-column-gap-no\">\n\t\t\t\t\t<div class=\"elementor-column elementor-col-33 elementor-inner-column elementor-element elementor-element-3f03aee\" data-id=\"3f03aee\" data-element_type=\"column\">\n\t\t\t<div class=\"elementor-widget-wrap elementor-element-populated\">\n\t\t\t\t\t\t\t\t<div class=\"elementor-element elementor-element-6fa7748 elementor-widget elementor-widget-heading\" data-id=\"6fa7748\" data-element_type=\"widget\" data-widget_type=\"heading.default\">\n\t\t\t\t<div class=\"elementor-widget-container\">\n\t\t\t<h4 class=\"elementor-heading-title elementor-size-default\">Expertise<\/h4>\t\t<\/div>\n\t\t\t\t<\/div>\n\t\t\t\t<div class=\"elementor-element elementor-element-943ce02 elementor-widget elementor-widget-text-editor\" data-id=\"943ce02\" data-element_type=\"widget\" data-widget_type=\"text-editor.default\">\n\t\t\t\t<div class=\"elementor-widget-container\">\n\t\t\t\t\t\t\t<p>Entendimiento s\u00f3lido de distintos sectores, tendencias del mercado y perfiles profesionales.<\/p>\t\t\t\t\t\t<\/div>\n\t\t\t\t<\/div>\n\t\t\t\t\t<\/div>\n\t\t<\/div>\n\t\t\t\t<div class=\"elementor-column elementor-col-33 elementor-inner-column elementor-element elementor-element-af6d74d\" data-id=\"af6d74d\" data-element_type=\"column\">\n\t\t\t<div class=\"elementor-widget-wrap elementor-element-populated\">\n\t\t\t\t\t\t\t\t<div class=\"elementor-element elementor-element-4d72fb4 elementor-widget elementor-widget-heading\" data-id=\"4d72fb4\" data-element_type=\"widget\" data-widget_type=\"heading.default\">\n\t\t\t\t<div class=\"elementor-widget-container\">\n\t\t\t<h4 class=\"elementor-heading-title elementor-size-default\">Eficencia\n<\/h4>\t\t<\/div>\n\t\t\t\t<\/div>\n\t\t\t\t<div class=\"elementor-element elementor-element-d8e08ba elementor-widget elementor-widget-text-editor\" data-id=\"d8e08ba\" data-element_type=\"widget\" data-widget_type=\"text-editor.default\">\n\t\t\t\t<div class=\"elementor-widget-container\">\n\t\t\t\t\t\t\t<p>Capacidad de realizar todas las etapas de selecci\u00f3n de candidatos de manera \u00f3ptima y en el menor tiempo posible, sin comprometer la calidad.<\/p>\t\t\t\t\t\t<\/div>\n\t\t\t\t<\/div>\n\t\t\t\t\t<\/div>\n\t\t<\/div>\n\t\t\t\t<div class=\"elementor-column elementor-col-33 elementor-inner-column elementor-element elementor-element-5091dd0\" data-id=\"5091dd0\" data-element_type=\"column\">\n\t\t\t<div class=\"elementor-widget-wrap elementor-element-populated\">\n\t\t\t\t\t\t\t\t<div class=\"elementor-element elementor-element-2b8f74c elementor-widget elementor-widget-heading\" data-id=\"2b8f74c\" data-element_type=\"widget\" data-widget_type=\"heading.default\">\n\t\t\t\t<div class=\"elementor-widget-container\">\n\t\t\t<h4 class=\"elementor-heading-title elementor-size-default\">Personalizaci\u00f3n\n<\/h4>\t\t<\/div>\n\t\t\t\t<\/div>\n\t\t\t\t<div class=\"elementor-element elementor-element-0148ef1 elementor-widget elementor-widget-text-editor\" data-id=\"0148ef1\" data-element_type=\"widget\" data-widget_type=\"text-editor.default\">\n\t\t\t\t<div class=\"elementor-widget-container\">\n\t\t\t\t\t\t\t<p>Adaptaci\u00f3n de nuestros servicios y enfoque para satisfacer de manera precisa y espec\u00edfica las necesidades de cada cliente.<\/p>\t\t\t\t\t\t<\/div>\n\t\t\t\t<\/div>\n\t\t\t\t\t<\/div>\n\t\t<\/div>\n\t\t\t\t\t\t\t<\/div>\n\t\t<\/section>\n\t\t\t\t\t<\/div>\n\t\t<\/div>\n\t\t\t\t\t\t\t<\/div>\n\t\t<\/section>\n\t\t\t\t<section class=\"elementor-section elementor-top-section elementor-element elementor-element-30241a9 elementor-section-content-middle elementor-section-boxed elementor-section-height-default elementor-section-height-default\" data-id=\"30241a9\" data-element_type=\"section\">\n\t\t\t\t\t\t\t<div class=\"elementor-background-overlay\"><\/div>\n\t\t\t\t\t\t\t<div class=\"elementor-container elementor-column-gap-no\">\n\t\t\t\t\t<div class=\"elementor-column elementor-col-50 elementor-top-column elementor-element elementor-element-9de800e\" data-id=\"9de800e\" data-element_type=\"column\">\n\t\t\t<div class=\"elementor-widget-wrap elementor-element-populated\">\n\t\t\t\t\t\t\t\t<div class=\"elementor-element elementor-element-04acf39 elementor-widget elementor-widget-heading\" data-id=\"04acf39\" data-element_type=\"widget\" data-widget_type=\"heading.default\">\n\t\t\t\t<div class=\"elementor-widget-container\">\n\t\t\t<h2 class=\"elementor-heading-title elementor-size-default\">Sobre Nosotros<\/h2>\t\t<\/div>\n\t\t\t\t<\/div>\n\t\t\t\t<div class=\"elementor-element elementor-element-b0df945 elementor-widget elementor-widget-text-editor\" data-id=\"b0df945\" data-element_type=\"widget\" data-widget_type=\"text-editor.default\">\n\t\t\t\t<div class=\"elementor-widget-container\">\n\t\t\t\t\t\t\t<p>Somos especialistas en reclutamiento con experiencia desde 2011. Hemos trabajado con consultoras, multinacionales y startups tanto en Espa\u00f1a como a nivel internacional.\u00a0<\/p>\t\t\t\t\t\t<\/div>\n\t\t\t\t<\/div>\n\t\t\t\t<div class=\"elementor-element elementor-element-186bc9c elementor-widget__width-initial elementor-widget elementor-widget-text-editor\" data-id=\"186bc9c\" data-element_type=\"widget\" data-widget_type=\"text-editor.default\">\n\t\t\t\t<div class=\"elementor-widget-container\">\n\t\t\t\t\t\t\t<div class=\"elementor-element elementor-element-471ef89 elementor-widget elementor-widget-text-editor\" data-id=\"471ef89\" data-element_type=\"widget\" data-widget_type=\"text-editor.default\"><div class=\"elementor-widget-container\"><h2>Estrategia de b\u00fasqueda<\/h2><div class=\"et_pb_column et_pb_column_1_4 et_pb_column_19 et_pb_css_mix_blend_mode_passthrough\"><div class=\"et_pb_module et_pb_code et_pb_code_4 special-arrow\"><div class=\"et_pb_code_inner\"><p data-start=\"149\" data-end=\"291\">Cada proceso comienza con un an\u00e1lisis del contexto del cliente, el impacto de la posici\u00f3n y la disponibilidad real de talento en el mercado.<\/p><p data-start=\"294\" data-end=\"425\">En funci\u00f3n del perfil, se define la estrategia m\u00e1s adecuada, combinando publicaci\u00f3n de anuncios y b\u00fasqueda directa (headhunting).<\/p><ul><li data-section-id=\"1r2ad7s\" data-start=\"426\" data-end=\"616\"><p data-start=\"428\" data-end=\"616\"><strong data-start=\"428\" data-end=\"451\">Candidatos activos:<\/strong> se encuentran en b\u00fasqueda y suelen mostrar mayor disponibilidad, aunque participan habitualmente en varios procesos y requieren agilidad en la toma de decisiones.<\/p><\/li><li data-section-id=\"exi98a\" data-start=\"617\" data-end=\"793\"><p data-start=\"619\" data-end=\"793\"><strong data-start=\"619\" data-end=\"642\">Candidatos pasivos:<\/strong> no buscan activamente, pero pueden valorar un cambio si la oportunidad supone una mejora en proyecto, condiciones, desarrollo o entorno profesional.<\/p><\/li><\/ul><\/div><\/div><\/div><\/div><\/div>\t\t\t\t\t\t<\/div>\n\t\t\t\t<\/div>\n\t\t\t\t\t<\/div>\n\t\t<\/div>\n\t\t\t\t<div class=\"elementor-column elementor-col-50 elementor-top-column elementor-element elementor-element-9606876\" data-id=\"9606876\" data-element_type=\"column\">\n\t\t\t<div class=\"elementor-widget-wrap elementor-element-populated\">\n\t\t\t\t\t\t<div class=\"elementor-element elementor-element-77a4387 e-flex e-con-boxed e-con e-parent\" data-id=\"77a4387\" data-element_type=\"container\" data-settings=\"{&quot;content_width&quot;:&quot;boxed&quot;}\" data-core-v316-plus=\"true\">\n\t\t\t\t\t<div class=\"e-con-inner\">\n\t\t\t\t<div class=\"elementor-element elementor-element-8cebbed elementor-widget elementor-widget-text-editor\" data-id=\"8cebbed\" data-element_type=\"widget\" data-widget_type=\"text-editor.default\">\n\t\t\t\t<div class=\"elementor-widget-container\">\n\t\t\t\t\t\t\t<p><img decoding=\"async\" loading=\"lazy\" class=\"alignnone wp-image-645 size-full\" src=\"http:\/\/hiretech.es\/wp-content\/uploads\/2024\/04\/blog-post-diversidad2.0-1-2048x1152-1.webp\" alt=\"\" width=\"2048\" height=\"1152\" srcset=\"https:\/\/hiretech.es\/wp-content\/uploads\/2024\/04\/blog-post-diversidad2.0-1-2048x1152-1.webp 2048w, https:\/\/hiretech.es\/wp-content\/uploads\/2024\/04\/blog-post-diversidad2.0-1-2048x1152-1-300x169.webp 300w, https:\/\/hiretech.es\/wp-content\/uploads\/2024\/04\/blog-post-diversidad2.0-1-2048x1152-1-1024x576.webp 1024w, https:\/\/hiretech.es\/wp-content\/uploads\/2024\/04\/blog-post-diversidad2.0-1-2048x1152-1-768x432.webp 768w, https:\/\/hiretech.es\/wp-content\/uploads\/2024\/04\/blog-post-diversidad2.0-1-2048x1152-1-1536x864.webp 1536w\" sizes=\"(max-width: 2048px) 100vw, 2048px\" \/><\/p><div class=\"et_pb_column et_pb_column_1_4 et_pb_column_20 et_pb_css_mix_blend_mode_passthrough et-last-child\"><div class=\"et_pb_module et_pb_code et_pb_code_5 special-arrow\"><div class=\"et_pb_code_inner\"><h4 class=\"elementor-heading-title elementor-size-default elementor-inline-editing pen\" contenteditable=\"true\" data-elementor-setting-key=\"title\" data-pen-placeholder=\"Teclea aqu\u00ed...\">Misi\u00f3n<\/h4><p>Nuestra misi\u00f3n es ser el socio de confianza de empresas y profesionales en el mundo del reclutamiento. Nos dedicamos a identificar y conectar el talento m\u00e1s calificado con las oportunidades m\u00e1s emocionantes.<\/p><h4 class=\"elementor-heading-title elementor-size-default elementor-inline-editing pen\" contenteditable=\"true\" data-elementor-setting-key=\"title\" data-pen-placeholder=\"Teclea aqu\u00ed...\">Valores<\/h4><p><span class=\"elementor-icon-list-text\"><strong>Excelencia<\/strong>: Nos esforzamos por alcanzar los m\u00e1s altos est\u00e1ndares de calidad en todos nuestros servicios<\/span><\/p><p><span class=\"elementor-icon-list-text\"><strong>Pasi\u00f3n:<\/strong>\u00a0Estamos apasionados por lo que hacemos y estamos comprometidos con el \u00e9xito de nuestros clientes y candidatos.<\/span><\/p><p><span class=\"elementor-icon-list-text\"><strong>Integridad<\/strong>: Actuamos con honestidad, transparencia y \u00e9tica en todas nuestras interacciones.<\/span><\/p><p><span class=\"elementor-icon-list-text\"><strong>Innovaci\u00f3n<\/strong>: Buscamos continuamente formas nuevas y creativas de abordar los desaf\u00edos del reclutamiento.<\/span><\/p><\/div><\/div><\/div>\t\t\t\t\t\t<\/div>\n\t\t\t\t<\/div>\n\t\t\t\t\t<\/div>\n\t\t\t\t<\/div>\n\t\t\t\t\t<\/div>\n\t\t<\/div>\n\t\t\t\t\t\t\t<\/div>\n\t\t<\/section>\n\t\t\t\t\t\t\t<\/div>\n\t\t","protected":false},"excerpt":{"rendered":"<p>Uniendo Pasiones, Empresas y Talentos: Reclutamiento que Transforma. Expertos en la B\u00fasqueda del Talento que Tu Empresa Necesita: Conectando las Mejores Mentes con las Oportunidades del Futuro El\u00edgenos por: Expertise Entendimiento s\u00f3lido de distintos sectores, tendencias del mercado y perfiles profesionales. Eficencia Capacidad de realizar todas las etapas de selecci\u00f3n de candidatos de manera \u00f3ptima &hellip;<\/p>\n<p class=\"read-more\"> <a class=\"\" href=\"https:\/\/hiretech.es\/\"> <span class=\"screen-reader-text\">A EXITO<\/span> Read More &raquo;<\/a><\/p>\n","protected":false},"author":1,"featured_media":0,"parent":113,"menu_order":0,"comment_status":"closed","ping_status":"closed","template":"","meta":{"_uag_custom_page_level_css":"","site-sidebar-layout":"no-sidebar","site-content-layout":"page-builder","ast-site-content-layout":"full-width-container","site-content-style":"unboxed","site-sidebar-style":"unboxed","ast-global-header-display":"","ast-banner-title-visibility":"","ast-main-header-display":"","ast-hfb-above-header-display":"","ast-hfb-below-header-display":"","ast-hfb-mobile-header-display":"","site-post-title":"disabled","ast-breadcrumbs-content":"","ast-featured-img":"disabled","footer-sml-layout":"","theme-transparent-header-meta":"enabled","adv-header-id-meta":"","stick-header-meta":"","header-above-stick-meta":"","header-main-stick-meta":"","header-below-stick-meta":"","astra-migrate-meta-layouts":"set","footnotes":""},"uagb_featured_image_src":{"full":false,"thumbnail":false,"medium":false,"medium_large":false,"large":false,"1536x1536":false,"2048x2048":false},"uagb_author_info":{"display_name":"hiretech.es","author_link":"https:\/\/hiretech.es\/?author=1"},"uagb_comment_info":0,"uagb_excerpt":"Uniendo Pasiones, Empresas y Talentos: Reclutamiento que Transforma. Expertos en la B\u00fasqueda del Talento que Tu Empresa Necesita: Conectando las Mejores Mentes con las Oportunidades del Futuro El\u00edgenos por: Expertise Entendimiento s\u00f3lido de distintos sectores, tendencias del mercado y perfiles profesionales. Eficencia Capacidad de realizar todas las etapas de selecci\u00f3n de candidatos de manera \u00f3ptima&hellip;","_links":{"self":[{"href":"https:\/\/hiretech.es\/index.php?rest_route=\/wp\/v2\/pages\/409"}],"collection":[{"href":"https:\/\/hiretech.es\/index.php?rest_route=\/wp\/v2\/pages"}],"about":[{"href":"https:\/\/hiretech.es\/index.php?rest_route=\/wp\/v2\/types\/page"}],"author":[{"embeddable":true,"href":"https:\/\/hiretech.es\/index.php?rest_route=\/wp\/v2\/users\/1"}],"replies":[{"embeddable":true,"href":"https:\/\/hiretech.es\/index.php?rest_route=%2Fwp%2Fv2%2Fcomments&post=409"}],"version-history":[{"count":59,"href":"https:\/\/hiretech.es\/index.php?rest_route=\/wp\/v2\/pages\/409\/revisions"}],"predecessor-version":[{"id":751,"href":"https:\/\/hiretech.es\/index.php?rest_route=\/wp\/v2\/pages\/409\/revisions\/751"}],"up":[{"embeddable":true,"href":"https:\/\/hiretech.es\/index.php?rest_route=\/wp\/v2\/pages\/113"}],"wp:attachment":[{"href":"https:\/\/hiretech.es\/index.php?rest_route=%2Fwp%2Fv2%2Fmedia&parent=409"}],"curies":[{"name":"wp","href":"https:\/\/api.w.org\/{rel}","templated":true}]}}